{"id":2573,"date":"2026-02-10T18:43:01","date_gmt":"2026-02-10T18:43:01","guid":{"rendered":"https:\/\/sklep.jeep.info.pl\/?post_type=product&#038;p=2573"},"modified":"2026-02-16T01:12:53","modified_gmt":"2026-02-16T01:12:53","slug":"bluza-damska-z-kapturem-jeep-botanical-dusty-rose","status":"publish","type":"product","link":"https:\/\/sklep.jeep.info.pl\/?product=bluza-damska-z-kapturem-jeep-botanical-dusty-rose","title":{"rendered":"Bluza damska z kapturem Jeep Botanical Dusty Rose"},"content":{"rendered":"<p>Szczeg\u00f3\u0142y produktu :<\/p>\n<p>Jeep Botanical Print Dusty Rose<\/p>\n<p>Kolekcja JEEP zosta\u0142a przygotowana z my\u015bl\u0105 o wszystkich pasjonatach marki Jeep. Ubrania z kultowym logo Jeep\u00ae wykonana ze \u015bwie\u017cej i wytrzyma\u0142ej bawe\u0142ny to must-have na wszystkie aktywno\u015bci na \u015bwie\u017cym powietrzu, zar\u00f3wno w mie\u015bcie, jak i na \u0142onie natury, dzi\u0119ki dopasowaniu gwarantuj\u0105cemu doskona\u0142\u0105 swobod\u0119 ruchu.<\/p>\n<p>Z dba\u0142o\u015bci\u0105 o kr\u00f3j i szczeg\u00f3\u0142y wyko\u0144czenia powsta\u0142y produkty komfortowe a jednocze\u015bnie funkcjonalne sprawdzaj\u0105ce si\u0119 w trudnych warunkach.<\/p>\n<p>O102606-001-00 P490<\/p>\n<p>Szczeg\u00f3\u0142y produktu :<\/p>\n<p>Kolor : Dusty Rose<\/p>\n<p>CECHY<\/p>\n<p>\u2022 Cienka bawe\u0142niana tkanina dopasowuje si\u0119 do ka\u017cdego ruchu<\/p>\n<p>\u2022 Anatomicznie ukszta\u0142towany kaptur dla dodatkowej ochrony przed zimnem<\/p>\n<p>\u2022 \u015aci\u0105gacze przy mankietach i na dole utrzymuj\u0105 ubranie blisko cia\u0142a<\/p>\n<p>\u2022 Przednia kiesze\u0144 kangurka<\/p>\n<p>\u2022 Z przodu du\u017cy nadruk kwiat i logo Jeep\u00ae<\/p>\n<p>MATERIA\u0141Y<\/p>\n<p>SK\u0141AD:<br \/>\n100% BAWE\u0141NA<\/p>\n<p>INSTRUKCJA PRANIA<\/p>\n<p>Pranie w temperaturze max 30\u00b0<\/p>\n<p>Nie wybiela\u0107, nie suszy\u0107 w b\u0119bnie<\/p>\n<p>PRASOWA\u0106 PRZY MAKSYMALNEJ TEMPERATURZE 110\u00b0<br \/>\nNIE CZY\u015aCI\u0106 CHEMICZNIE<\/p>\n<p>&nbsp;<\/p>\n","protected":false},"excerpt":{"rendered":"<h6 class=\"woo-single-title product_title entry-title\"><strong>Niezale\u017cnie od tego, czy eksplorujesz miejsk\u0105 d\u017cungl\u0119, czy dzik\u0105 przyrod\u0119, ta wygodna, obszerna bluza z kapturem zawsze pozwoli Ci poczu\u0107 jedno\u015b\u0107 z natur\u0105. Logo Jeep\u00ae i ekskluzywny, \u201ebotaniczny\u201d nadruk na piersi to wyraz Twoich najprawdziwszych pasji.<\/strong><\/h6>\n<p>&nbsp;<\/p>\n","protected":false},"featured_media":2579,"comment_status":"open","ping_status":"closed","template":"","meta":[],"product_brand":[],"product_cat":[15,59,51,48],"product_tag":[],"class_list":{"0":"post-2573","1":"product","2":"type-product","3":"status-publish","4":"has-post-thumbnail","6":"product_cat-bez-kategorii","7":"product_cat-bluza-damska","8":"product_cat-bluzy","9":"product_cat-odziez","10":"pa_rozmiar-l","11":"pa_rozmiar-m","12":"pa_rozmiar-s","13":"pa_rozmiar-xl","14":"pa_rozmiar-xs","16":"first","17":"instock","18":"shipping-taxable","19":"purchasable","20":"product-type-variable"},"_links":{"self":[{"href":"https:\/\/sklep.jeep.info.pl\/index.php?rest_route=\/wp\/v2\/product\/2573","targetHints":{"allow":["GET"]}}],"collection":[{"href":"https:\/\/sklep.jeep.info.pl\/index.php?rest_route=\/wp\/v2\/product"}],"about":[{"href":"https:\/\/sklep.jeep.info.pl\/index.php?rest_route=\/wp\/v2\/types\/product"}],"replies":[{"embeddable":true,"href":"https:\/\/sklep.jeep.info.pl\/index.php?rest_route=%2Fwp%2Fv2%2Fcomments&post=2573"}],"wp:featuredmedia":[{"embeddable":true,"href":"https:\/\/sklep.jeep.info.pl\/index.php?rest_route=\/wp\/v2\/media\/2579"}],"wp:attachment":[{"href":"https:\/\/sklep.jeep.info.pl\/index.php?rest_route=%2Fwp%2Fv2%2Fmedia&parent=2573"}],"wp:term":[{"taxonomy":"product_brand","embeddable":true,"href":"https:\/\/sklep.jeep.info.pl\/index.php?rest_route=%2Fwp%2Fv2%2Fproduct_brand&post=2573"},{"taxonomy":"product_cat","embeddable":true,"href":"https:\/\/sklep.jeep.info.pl\/index.php?rest_route=%2Fwp%2Fv2%2Fproduct_cat&post=2573"},{"taxonomy":"product_tag","embeddable":true,"href":"https:\/\/sklep.jeep.info.pl\/index.php?rest_route=%2Fwp%2Fv2%2Fproduct_tag&post=2573"}],"curies":[{"name":"wp","href":"https:\/\/api.w.org\/{rel}","templated":true}]}}