{"id":2249,"date":"2025-12-14T17:02:33","date_gmt":"2025-12-14T17:02:33","guid":{"rendered":"https:\/\/sklep.jeep.info.pl\/?post_type=product&#038;p=2249"},"modified":"2025-12-14T17:05:30","modified_gmt":"2025-12-14T17:05:30","slug":"kubek-jeep-grill-classic-blue-sky","status":"publish","type":"product","link":"https:\/\/sklep.jeep.info.pl\/?product=kubek-jeep-grill-classic-blue-sky","title":{"rendered":"Kubek Jeep Grill Classic Blue Sky"},"content":{"rendered":"<p class=\"s3\"><span class=\"s2\">Opis<\/span><\/p>\n<p class=\"s5\"><span class=\"s4\">Szczeg\u00f3\u0142y produktu :<\/span><\/p>\n<p class=\"s5\"><span class=\"s4\">Kubek Jeep Grill Classic Blue Sky<\/span><\/p>\n<p>Kubek ceramiczny z klasyczn\u0105 grafik\u0105 grill Jeepa oraz po drugiej stronie grafika Jeep<\/p>\n<p>Kolor : b\u0142\u0119kitny<\/p>\n<p>SKU: JOG62GC2003<\/p>\n<p class=\"s5\"><span class=\"s4\">Kubek <\/span><span class=\"s4\">ceramiczny<\/span><span class=\"s4\">, <\/span><span class=\"s4\">o <\/span><span class=\"s4\">pojemno\u015bci<\/span><span class=\"s4\"> 280 ml, ze <\/span><span class=\"s4\">specjaln<\/span><span class=\"s4\">ie<\/span> <span class=\"s4\">zrobion<\/span><span class=\"s4\">ymi<\/span> <span class=\"s4\">odprysk<\/span><span class=\"s4\">ami<\/span><span class=\"s4\">, <\/span><span class=\"s4\">nadaj\u0105c<\/span><span class=\"s4\">ymi<\/span><span class=\"s4\"> mu <\/span><span class=\"s4\">oryginaln<\/span><span class=\"s4\">y<\/span> <span class=\"s4\">charakter<\/span><span class=\"s4\">.<\/span><span class=\"s4\"><br \/>\n<\/span><span class=\"s4\">Wymiary<\/span> <span class=\"s4\">kubka<\/span><span class=\"s4\">: <\/span><span class=\"s4\">\u015brednica<\/span><span class=\"s4\">: 80 mm<\/span><span class=\"s4\">, <\/span><span class=\"s4\">wysoko\u015b\u0107<\/span><span class=\"s4\">: 83 mm<\/span><span class=\"s4\">.<\/span><\/p>\n<p class=\"s5\">Klasyczny kubek<\/p>\n<p>&nbsp;<\/p>\n","protected":false},"excerpt":{"rendered":"<p>Kolekcja Jeep Classic zosta\u0142a przygotowana z my\u015bl\u0105 o wszystkich pasjonatach marki ameryka\u0144skiej marki. Kubki ceramiczne wykonane z kultowym logo Jeep\u00ae must-have podczas ka\u017cdego spotkania, bez wzgl\u0119du gdzie si\u0119 odbywa w terenie, zaciszu domowym czy na kanapie w gara\u017cu.<\/p>\n<p>&nbsp;<\/p>\n","protected":false},"featured_media":2223,"comment_status":"open","ping_status":"closed","template":"","meta":[],"product_brand":[],"product_cat":[74,75],"product_tag":[76],"class_list":{"0":"post-2249","1":"product","2":"type-product","3":"status-publish","4":"has-post-thumbnail","6":"product_cat-akcesoria","7":"product_cat-kubki","8":"product_tag-kubek-jeep","10":"first","11":"instock","12":"shipping-taxable","13":"purchasable","14":"product-type-simple"},"_links":{"self":[{"href":"https:\/\/sklep.jeep.info.pl\/index.php?rest_route=\/wp\/v2\/product\/2249","targetHints":{"allow":["GET"]}}],"collection":[{"href":"https:\/\/sklep.jeep.info.pl\/index.php?rest_route=\/wp\/v2\/product"}],"about":[{"href":"https:\/\/sklep.jeep.info.pl\/index.php?rest_route=\/wp\/v2\/types\/product"}],"replies":[{"embeddable":true,"href":"https:\/\/sklep.jeep.info.pl\/index.php?rest_route=%2Fwp%2Fv2%2Fcomments&post=2249"}],"wp:featuredmedia":[{"embeddable":true,"href":"https:\/\/sklep.jeep.info.pl\/index.php?rest_route=\/wp\/v2\/media\/2223"}],"wp:attachment":[{"href":"https:\/\/sklep.jeep.info.pl\/index.php?rest_route=%2Fwp%2Fv2%2Fmedia&parent=2249"}],"wp:term":[{"taxonomy":"product_brand","embeddable":true,"href":"https:\/\/sklep.jeep.info.pl\/index.php?rest_route=%2Fwp%2Fv2%2Fproduct_brand&post=2249"},{"taxonomy":"product_cat","embeddable":true,"href":"https:\/\/sklep.jeep.info.pl\/index.php?rest_route=%2Fwp%2Fv2%2Fproduct_cat&post=2249"},{"taxonomy":"product_tag","embeddable":true,"href":"https:\/\/sklep.jeep.info.pl\/index.php?rest_route=%2Fwp%2Fv2%2Fproduct_tag&post=2249"}],"curies":[{"name":"wp","href":"https:\/\/api.w.org\/{rel}","templated":true}]}}