{"id":2246,"date":"2025-12-14T16:25:34","date_gmt":"2025-12-14T16:25:34","guid":{"rendered":"https:\/\/sklep.jeep.info.pl\/?post_type=product&#038;p=2246"},"modified":"2025-12-14T16:30:44","modified_gmt":"2025-12-14T16:30:44","slug":"kubek-jeep-seria-jog-85-zestaw-4-sztuki","status":"publish","type":"product","link":"https:\/\/sklep.jeep.info.pl\/?product=kubek-jeep-seria-jog-85-zestaw-4-sztuki","title":{"rendered":"Kubek Jeep seria JOG 85 zestaw 4 sztuki"},"content":{"rendered":"<p class=\"s3\"><span class=\"s2\">Opis<\/span><\/p>\n<p class=\"s5\"><span class=\"s4\">Szczeg\u00f3\u0142y produktu :<\/span><\/p>\n<p class=\"s5\"><span class=\"s4\">Kubek Jeep seria JOG 85 zestaw 4 sztuki <\/span><\/p>\n<ol>\n<li>Kubek Jeep Kaiser<\/li>\n<li>Kubek Jeep AMC<\/li>\n<li>Kubek Have Faun<\/li>\n<li>Kubek Ducking<\/li>\n<\/ol>\n<p>Du\u017ca grafika oraz po drugiej stronie grafika Jeep<\/p>\n<p>Kolor : Bia\u0142y<\/p>\n<p>SKU: JOG85Z1005<\/p>\n<p class=\"s5\"><span class=\"s4\">Kubek <\/span><span class=\"s4\">ceramiczny<\/span><span class=\"s4\">, <\/span><span class=\"s4\">o <\/span><span class=\"s4\">pojemno\u015bci<\/span><span class=\"s4\"> 280 ml, ze <\/span><span class=\"s4\">specjaln<\/span><span class=\"s4\">ie<\/span> <span class=\"s4\">zrobion<\/span><span class=\"s4\">ymi<\/span> <span class=\"s4\">odprysk<\/span><span class=\"s4\">ami<\/span><span class=\"s4\">, <\/span><span class=\"s4\">nadaj\u0105c<\/span><span class=\"s4\">ymi<\/span><span class=\"s4\"> mu <\/span><span class=\"s4\">oryginaln<\/span><span class=\"s4\">y<\/span> <span class=\"s4\">charakter<\/span><span class=\"s4\">.<\/span><span class=\"s4\"><br \/>\n<\/span><span class=\"s4\">Wymiary<\/span> <span class=\"s4\">kubka<\/span><span class=\"s4\">: <\/span><span class=\"s4\">\u015brednica<\/span><span class=\"s4\">: 80 mm<\/span><span class=\"s4\">, <\/span><span class=\"s4\">wysoko\u015b\u0107<\/span><span class=\"s4\">: 83 mm<\/span><span class=\"s4\">.<\/span><\/p>\n<p class=\"s5\"><span class=\"s4\">Kolekcja <\/span><span class=\"s6\">J<\/span><span class=\"s6\">eep<\/span> <span class=\"s6\">85th Anniversary<\/span><span class=\"s4\">,<\/span><span class=\"s4\"> to cztery grafiki b\u0119d\u0105ce rozpoznawalnymi elementami, wyr\u00f3\u017cnikami tej marki.\u00a0<\/span><\/p>\n<p class=\"s5\"><span class=\"s4\">Kolekcja zosta\u0142a przygotowana dla wszystkich pasjonat<\/span><span class=\"s4\">\u00f3<\/span><span class=\"s4\">w marki Jeep i nie tylko<\/span><span class=\"s4\"> &#8211; t<\/span><span class=\"s4\">eraz ka\u017cdy mo\u017ce si\u0119 wyr\u00f3\u017cni\u0107. W sk\u0142ad kolekcji JOG 85 wchodz\u0105 <\/span><span class=\"s4\">T-<\/span><span class=\"s4\">shirty<\/span><span class=\"s4\">, bluzy i kubki ceramiczne<\/span><span class=\"s4\">, <\/span><span class=\"s4\">z czterema r\u00f3\u017cnymi grafikami<\/span><span class=\"s4\">,<\/span><span class=\"s4\"> nawi\u0105zuj\u0105cymi do historii marki Jeep. <\/span><\/p>\n<p class=\"s5\"><span class=\"s4\">Pomys\u0142odawc\u0105 powsta\u0142ych projekt\u00f3w jest <\/span><span class=\"s4\">Jeep Owners Group Poland<\/span><span class=\"s4\">.<\/span><\/p>\n<p>Cztery wzory to:<\/p>\n<p class=\"s5\"><span class=\"s6\">Jeep Kaiser<\/span><span class=\"s4\"> &#8211; to logo<\/span> <span class=\"s4\">z czas\u00f3w <\/span><span class=\"s4\">gdy w\u0142a\u015bcicielem marki by\u0142 <\/span><span class=\"s4\">Kaiser<\/span><span class=\"s4\"> Jeep<\/span><span class=\"s4\">.<\/span> <span class=\"s4\">U<\/span><span class=\"s4\">trzymane <\/span><span class=\"s4\">jest <\/span><span class=\"s4\">w kolorach zielono <\/span><span class=\"s4\">\u2013<\/span><span class=\"s4\"> pomara\u0144czowy<\/span><span class=\"s4\">ch<\/span><span class=\"s4\">. D<\/span><span class=\"s4\">oceni\u0105 je wszyscy, kt\u00f3rym bliska<\/span><span class=\"s4\"> jest historia powojennych czas\u00f3w tej marki.<\/span><\/p>\n<p class=\"s5\"><span class=\"s6\">Jeep AMC<\/span><span class=\"s4\"> &#8211; to logo Jeep znane z radosnych i beztroskich lat siedemdziesi\u0105tych i p\u00f3\u017aniejszych<\/span><span class=\"s4\">. K<\/span><span class=\"s4\">ojarzone z czasem wypraw, wyjazd\u00f3w, \u015bwiatem bez utwardzonych szlak\u00f3w. \u00a0 <\/span><\/p>\n<p class=\"s5\"><span class=\"s6\">Jeep <\/span><span class=\"s6\">H<\/span><span class=\"s6\">ave <\/span><span class=\"s6\">F<\/span><span class=\"s6\">un <\/span><span class=\"s6\">O<\/span><span class=\"s6\">ut <\/span><span class=\"s6\">T<\/span><span class=\"s6\">here<\/span><span class=\"s4\">,<\/span><span class=\"s4\"> to prosta grafika znana od wielu lat. <\/span><span class=\"s4\">Kwintesencja<\/span><span class=\"s4\">podr\u00f3\u017c<\/span><span class=\"s4\">y<\/span><span class=\"s4\">,<\/span><span class=\"s4\"> trwaj\u0105c<\/span><span class=\"s4\">ej<\/span><span class=\"s4\"> ju\u017c od 1941 roku<\/span><span class=\"s4\">,<\/span><span class=\"s4\"> bez ustanku<\/span><span class=\"s4\">.<\/span> <span class=\"s4\">To<\/span><span class=\"s4\"> codzienno\u015b\u0107<\/span><span class=\"s4\">, czekaj\u0105ca na nas<\/span><span class=\"s4\">za g\u00f3rami. \u00a0<\/span><\/p>\n<p class=\"s5\"><span class=\"s6\">Jeep D<\/span><span class=\"s6\">ucking<\/span> <span class=\"s4\">to <\/span><span class=\"s4\">wsp\u00f3\u0142czesno\u015b\u0107<\/span><span class=\"s4\">. S<\/span><span class=\"s4\">po\u0142eczna akcja, w ramach kt<\/span><span class=\"s4\">\u00f3<\/span><span class=\"s4\">rej w\u0142a\u015bciciele Jeep<\/span><span class=\"s4\">\u00f3<\/span><span class=\"s4\">w umieszczaj\u0105 ma\u0142e gumowe kaczuszki na innych Jeepach. Z u\u015bmiechem nawi\u0105zuj\u0105c nowe kontakty, tworz\u0105 wsp\u00f3lnot\u0119.<\/span><\/p>\n<p>&nbsp;<\/p>\n","protected":false},"excerpt":{"rendered":"<p>Kolekcja Jeep 85th Anniversary, to cztery grafiki b\u0119d\u0105ce rozpoznawalnymi elementami, wyr\u00f3\u017cnikami ameryka\u0144skiej marki.<\/p>\n<p>Kolekcja zosta\u0142a przygotowana dla wszystkich pasjonat\u00f3w marki Jeep i nie tylko &#8211; teraz ka\u017cdy mo\u017ce si\u0119 wyr\u00f3\u017cni\u0107. W sk\u0142ad kolekcji JOG 85 wchodz\u0105 T-shirty, bluzy i kubki ceramiczne, z czterema r\u00f3\u017cnymi grafikami, nawi\u0105zuj\u0105cymi do historii marki Jeep. tej marki.<\/p>\n<p>&nbsp;<\/p>\n","protected":false},"featured_media":2236,"comment_status":"open","ping_status":"closed","template":"","meta":[],"product_brand":[],"product_cat":[74,75],"product_tag":[76],"class_list":{"0":"post-2246","1":"product","2":"type-product","3":"status-publish","4":"has-post-thumbnail","6":"product_cat-akcesoria","7":"product_cat-kubki","8":"product_tag-kubek-jeep","10":"first","11":"instock","12":"shipping-taxable","13":"purchasable","14":"product-type-simple"},"_links":{"self":[{"href":"https:\/\/sklep.jeep.info.pl\/index.php?rest_route=\/wp\/v2\/product\/2246","targetHints":{"allow":["GET"]}}],"collection":[{"href":"https:\/\/sklep.jeep.info.pl\/index.php?rest_route=\/wp\/v2\/product"}],"about":[{"href":"https:\/\/sklep.jeep.info.pl\/index.php?rest_route=\/wp\/v2\/types\/product"}],"replies":[{"embeddable":true,"href":"https:\/\/sklep.jeep.info.pl\/index.php?rest_route=%2Fwp%2Fv2%2Fcomments&post=2246"}],"wp:featuredmedia":[{"embeddable":true,"href":"https:\/\/sklep.jeep.info.pl\/index.php?rest_route=\/wp\/v2\/media\/2236"}],"wp:attachment":[{"href":"https:\/\/sklep.jeep.info.pl\/index.php?rest_route=%2Fwp%2Fv2%2Fmedia&parent=2246"}],"wp:term":[{"taxonomy":"product_brand","embeddable":true,"href":"https:\/\/sklep.jeep.info.pl\/index.php?rest_route=%2Fwp%2Fv2%2Fproduct_brand&post=2246"},{"taxonomy":"product_cat","embeddable":true,"href":"https:\/\/sklep.jeep.info.pl\/index.php?rest_route=%2Fwp%2Fv2%2Fproduct_cat&post=2246"},{"taxonomy":"product_tag","embeddable":true,"href":"https:\/\/sklep.jeep.info.pl\/index.php?rest_route=%2Fwp%2Fv2%2Fproduct_tag&post=2246"}],"curies":[{"name":"wp","href":"https:\/\/api.w.org\/{rel}","templated":true}]}}