{"id":2071,"date":"2025-11-17T11:37:03","date_gmt":"2025-11-17T11:37:03","guid":{"rendered":"https:\/\/sklep.jeep.info.pl\/?post_type=product&#038;p=2071"},"modified":"2025-11-17T11:39:48","modified_gmt":"2025-11-17T11:39:48","slug":"voucher-jeep-academy-2026","status":"publish","type":"product","link":"https:\/\/sklep.jeep.info.pl\/?product=voucher-jeep-academy-2026","title":{"rendered":"Voucher Jeep Academy 2026"},"content":{"rendered":"<p style=\"font-weight: 400;\">Chcesz rozpocz\u0105\u0107 swoj\u0105 przygod\u0119 z Jeepem ? A mo\u017ce znasz kogo\u015b, kto w\u0142a\u015bnie kupi\u0142 nowego Jeepa, ale jeszcze nie wie na co sta\u0107 jego samoch\u00f3d ? <strong>Voucher na Jeep Academy*<\/strong> mo\u017ce by\u0107 \u015bwietnym prezentem !<\/p>\n<p style=\"font-weight: 400;\">Masz do wyboru Vouchery 500 z\u0142, 1000 z\u0142, 1500 z\u0142, 2000 z\u0142, 2500 z\u0142<\/p>\n<p style=\"font-weight: 400;\">W sezonie 2026 odb\u0119d\u0105 si\u0119 dwie edycje Jeep Academy czyli trzydniowego szkolenia, podczas kt\u00f3rego poznasz mo\u017cliwo\u015bci swojego Jeepa oraz swoje, nauczysz si\u0119 pokonywa\u0107 r\u00f3\u017cne rodzaje przeszk\u00f3d terenowych, a wszystko to pod czujnym okiem do\u015bwiadczonych instruktor\u00f3w.<\/p>\n<p>Planowane edycje<\/p>\n<p>Edycja wiosenna &#8211; 20-22 marca 2026 rok<\/p>\n<p>Edycja jesienna &#8211; 18-20 wrze\u015bnia 2026 rok<\/p>\n<p style=\"font-weight: 400;\"><strong>Jeep Academy Basic<\/strong> \u2013 dost\u0119pne jest dla wszystkich u\u017cytkownik\u00f3w samochod\u00f3w marki Jeep, z nap\u0119dem 4\u00d74. Podstawowe szkolenie Basic polecane jest dla pocz\u0105tkuj\u0105cych u\u017cytkownik\u00f3w Jeepa oraz dla w\u0142a\u015bcicieli aut, kt\u00f3re przede wszystkim wykorzystywane s\u0105 do rekreacyjnej jazdy terenowej (bez dodatkowego liftu, opon z agresywnym bie\u017cnikiem, snorkela, wyci\u0105garki itd.).<\/p>\n<p style=\"font-weight: 400;\"><strong>Jeep Academy Advanced<\/strong> \u2013 dost\u0119pny jest dla wszystkich, kt\u00f3rzy chc\u0105 poszerzy\u0107 swoje umiej\u0119tno\u015bci jazdy w terenie. Sprawdzi\u0107 siebie i swojego Jeepa, zweryfikowa\u0107 nowe off-roadowe akcesoria i przy tym dobrze si\u0119 bawi\u0107. Wymagania stawiane Jeepom to opony AT\/MT, liny holownicze zaczepy lub haki holownicze. Zalecana jest wyci\u0105garka. Wskazane jest te\u017c posiadane podstawowych umiej\u0119tno\u015bci poruszania si\u0119 w terenie oraz pokonywania przeszk\u00f3d.<\/p>\n<p>Wi\u0119cej szczeg\u00f3\u0142\u00f3w oraz galerie i zdj\u0119cia z poprzednich edycji znajdziesz na stronie<\/p>\n<p><a href=\"http:\/\/www.jeepacademy.pl\">http:\/\/www.jeepacademy.pl<\/a><\/p>\n<p>*Voucher mo\u017cna wykorzysta\u0107 jako cz\u0119\u015b\u0107 wpisowego na Jeep Academy.<\/p>\n<p>Voucher dotyczy edycji odbywaj\u0105cych si\u0119 w roku 2026.<br \/>\nVoucher nie podlega wymianie na got\u00f3wk\u0119.<\/p>\n<p>&nbsp;<\/p>\n<p>&nbsp;<\/p>\n","protected":false},"excerpt":{"rendered":"<p>Chcesz rozpocz\u0105\u0107 swoj\u0105 przygod\u0119 z Jeepem ? A mo\u017ce znasz kogo\u015b, kto w\u0142a\u015bnie kupi\u0142 nowego Jeepa, ale jeszcze nie wie na co sta\u0107 jego samoch\u00f3d ? Voucher na Jeep Academy* mo\u017ce by\u0107<a class=\"moretag\" href=\"https:\/\/sklep.jeep.info.pl\/?product=voucher-jeep-academy-2026\">Read More&#8230;<\/a><\/p>\n","protected":false},"featured_media":2078,"comment_status":"open","ping_status":"closed","template":"","meta":[],"product_brand":[],"product_cat":[15,67],"product_tag":[73],"class_list":{"0":"post-2071","1":"product","2":"type-product","3":"status-publish","4":"has-post-thumbnail","6":"product_cat-bez-kategorii","7":"product_cat-voucher","8":"product_tag-voucher-jeep-academy","10":"first","11":"instock","12":"shipping-taxable","13":"purchasable","14":"product-type-variable"},"_links":{"self":[{"href":"https:\/\/sklep.jeep.info.pl\/index.php?rest_route=\/wp\/v2\/product\/2071","targetHints":{"allow":["GET"]}}],"collection":[{"href":"https:\/\/sklep.jeep.info.pl\/index.php?rest_route=\/wp\/v2\/product"}],"about":[{"href":"https:\/\/sklep.jeep.info.pl\/index.php?rest_route=\/wp\/v2\/types\/product"}],"replies":[{"embeddable":true,"href":"https:\/\/sklep.jeep.info.pl\/index.php?rest_route=%2Fwp%2Fv2%2Fcomments&post=2071"}],"wp:featuredmedia":[{"embeddable":true,"href":"https:\/\/sklep.jeep.info.pl\/index.php?rest_route=\/wp\/v2\/media\/2078"}],"wp:attachment":[{"href":"https:\/\/sklep.jeep.info.pl\/index.php?rest_route=%2Fwp%2Fv2%2Fmedia&parent=2071"}],"wp:term":[{"taxonomy":"product_brand","embeddable":true,"href":"https:\/\/sklep.jeep.info.pl\/index.php?rest_route=%2Fwp%2Fv2%2Fproduct_brand&post=2071"},{"taxonomy":"product_cat","embeddable":true,"href":"https:\/\/sklep.jeep.info.pl\/index.php?rest_route=%2Fwp%2Fv2%2Fproduct_cat&post=2071"},{"taxonomy":"product_tag","embeddable":true,"href":"https:\/\/sklep.jeep.info.pl\/index.php?rest_route=%2Fwp%2Fv2%2Fproduct_tag&post=2071"}],"curies":[{"name":"wp","href":"https:\/\/api.w.org\/{rel}","templated":true}]}}