{"id":1466,"date":"2025-04-30T06:39:52","date_gmt":"2025-04-30T06:39:52","guid":{"rendered":"https:\/\/sklep.jeep.info.pl\/?post_type=product&#038;p=1466"},"modified":"2025-10-20T07:43:25","modified_gmt":"2025-10-20T07:43:25","slug":"bluza-damska-z-kapturem-jeep-rozpinana-napis-na-rekawie-olive-green","status":"publish","type":"product","link":"https:\/\/sklep.jeep.info.pl\/?product=bluza-damska-z-kapturem-jeep-rozpinana-napis-na-rekawie-olive-green","title":{"rendered":"Bluza damska z kapturem Jeep, rozpinana, napis na r\u0119kawie, Olive Green"},"content":{"rendered":"<h2>Opis<\/h2>\n<p>Szczeg\u00f3\u0142y produktu :<\/p>\n<p>Kolekcja JEEP zosta\u0142a przygotowana z my\u015bl\u0105 o wszystkich pasjonatach marki Jeep. Ubrania z kultowym logo Jeep\u00ae wykonana ze \u015bwie\u017cej i wytrzyma\u0142ej bawe\u0142ny to must-have na wszystkie aktywno\u015bci na \u015bwie\u017cym powietrzu, zar\u00f3wno w mie\u015bcie, jak i na \u0142onie natury, dzi\u0119ki dopasowaniu gwarantuj\u0105cemu doskona\u0142\u0105 swobod\u0119 ruchu.<\/p>\n<p>Z dba\u0142o\u015bci\u0105 o kr\u00f3j i szczeg\u00f3\u0142y wyko\u0144czenia powsta\u0142y produkty komfortowe a jednocze\u015bnie funkcjonalne sprawdzaj\u0105ce si\u0119 w trudnych warunkach.<\/p>\n<p>Bluza damska z kapturem Jeep, rozpinana, napis na r\u0119kawie, Olive Green<\/p>\n<p>O102920 E100<\/p>\n<p>Szczeg\u00f3\u0142y produktu :<\/p>\n<p>Kolor : Olive Green<\/p>\n<p>CECHY<\/p>\n<p>\u2022 Cienka bawe\u0142niana tkanina dopasowuje si\u0119 do ka\u017cdego ruchu<\/p>\n<p>\u2022 Anatomicznie ukszta\u0142towany kaptur dla dodatkowej ochrony przed zimnem<\/p>\n<p>\u2022 \u015aci\u0105gacze przy mankietach i na dole utrzymuj\u0105 ubranie blisko cia\u0142a<\/p>\n<p>\u2022 Przednia kiesze\u0144 kangurka<\/p>\n<p>\u2022 Z przodu du\u017cy nadruk Log Rings i logo Jeep\u00ae<\/p>\n<p>MATERIA\u0141Y<\/p>\n<p>SK\u0141AD:<br \/>\n100% BAWE\u0141NA<\/p>\n<p>INSTRUKCJA PRANIA<\/p>\n<p>Pranie w temperaturze max 30\u00b0<\/p>\n<p>Nie wybiela\u0107, nie suszy\u0107 w b\u0119bnie<\/p>\n<p>PRASOWA\u0106 PRZY MAKSYMALNEJ TEMPERATURZE 110\u00b0<br \/>\nNIE CZY\u015aCI\u0106 CHEMICZNIE<\/p>\n","protected":false},"excerpt":{"rendered":"<p>Najbardziej uniwersalna ciep\u0142a bluza Jeep\u00ae: zapinana na suwak i z anatomicznym kapturem. To funkcje, kt\u00f3re pozwalaj\u0105 dostosowa\u0107 poziom ochrony do aktywno\u015bci, kt\u00f3r\u0105 zdecydujesz si\u0119 podj\u0105\u0107 oraz warunk\u00f3w pogodowych. Po prostu idealny element garderoby do eksplorowania pchlich targ\u00f3w od \u015bwitu, dzi\u0119ki czemu nie przegapisz najlepszych okazji. Ciep\u0142a i wygodna, chroni Ci\u0119, jednocze\u015bnie podkre\u015blaj\u0105c Tw\u00f3j wyj\u0105tkowy styl, z nadrukowanym logo Jeep\u00ae na r\u0119kawie.<\/p>\n","protected":false},"featured_media":1473,"comment_status":"open","ping_status":"closed","template":"","meta":[],"product_brand":[],"product_cat":[59,51],"product_tag":[54],"class_list":{"0":"post-1466","1":"product","2":"type-product","3":"status-publish","4":"has-post-thumbnail","6":"product_cat-bluza-damska","7":"product_cat-bluzy","8":"product_tag-bluza-jeep","9":"pa_rozmiar-l","10":"pa_rozmiar-m","11":"pa_rozmiar-s","12":"pa_rozmiar-xl","13":"pa_rozmiar-xs","15":"first","16":"instock","17":"shipping-taxable","18":"purchasable","19":"product-type-variable","20":"has-default-attributes"},"_links":{"self":[{"href":"https:\/\/sklep.jeep.info.pl\/index.php?rest_route=\/wp\/v2\/product\/1466","targetHints":{"allow":["GET"]}}],"collection":[{"href":"https:\/\/sklep.jeep.info.pl\/index.php?rest_route=\/wp\/v2\/product"}],"about":[{"href":"https:\/\/sklep.jeep.info.pl\/index.php?rest_route=\/wp\/v2\/types\/product"}],"replies":[{"embeddable":true,"href":"https:\/\/sklep.jeep.info.pl\/index.php?rest_route=%2Fwp%2Fv2%2Fcomments&post=1466"}],"wp:featuredmedia":[{"embeddable":true,"href":"https:\/\/sklep.jeep.info.pl\/index.php?rest_route=\/wp\/v2\/media\/1473"}],"wp:attachment":[{"href":"https:\/\/sklep.jeep.info.pl\/index.php?rest_route=%2Fwp%2Fv2%2Fmedia&parent=1466"}],"wp:term":[{"taxonomy":"product_brand","embeddable":true,"href":"https:\/\/sklep.jeep.info.pl\/index.php?rest_route=%2Fwp%2Fv2%2Fproduct_brand&post=1466"},{"taxonomy":"product_cat","embeddable":true,"href":"https:\/\/sklep.jeep.info.pl\/index.php?rest_route=%2Fwp%2Fv2%2Fproduct_cat&post=1466"},{"taxonomy":"product_tag","embeddable":true,"href":"https:\/\/sklep.jeep.info.pl\/index.php?rest_route=%2Fwp%2Fv2%2Fproduct_tag&post=1466"}],"curies":[{"name":"wp","href":"https:\/\/api.w.org\/{rel}","templated":true}]}}