{"id":1176,"date":"2025-04-05T20:47:51","date_gmt":"2025-04-05T20:47:51","guid":{"rendered":"https:\/\/sklep.jeep.info.pl\/?post_type=product&#038;p=1176"},"modified":"2026-02-09T15:50:26","modified_gmt":"2026-02-09T15:50:26","slug":"jeep-podrozny-czarny-plecak-na-laptopa","status":"publish","type":"product","link":"https:\/\/sklep.jeep.info.pl\/?product=jeep-podrozny-czarny-plecak-na-laptopa","title":{"rendered":"JEEP podr\u00f3\u017cny, czarny plecak na laptopa"},"content":{"rendered":"<p>Opis plecaka<\/p>\n<p>Plecak Jeep JS015B jest r\u00f3wnie inteligentny, co wygodny. Dla u\u0142atwienia za\u0142adunku, pojemnik wyposa\u017cono w otw\u00f3r w kszta\u0142cie litery U. Dzi\u0119ki temu z \u0142atwo\u015bci\u0105 przechowasz najpotrzebniejsze rzeczy na weekend, ubrania robocze na ca\u0142y dzie\u0144, ubrania na zmian\u0119 na nast\u0119pny trening sportowy&#8230; Aby produkcja by\u0142a bardziej przyjazna dla \u015brodowiska, jest ona wytwarzana w spos\u00f3b odpowiedzialny z poliestru z recyklingu. Aby sta\u0107 si\u0119 towarzyszem pierwszego wyboru w codziennym u\u017cytkowaniu i w podr\u00f3\u017cy, wyposa\u017cono go tak\u017ce w ergonomiczne uchwyty do noszenia.<\/p>\n<p>Torb\u0119 Jeep JS015B mo\u017cna wygodnie nosi\u0107 w d\u0142oni lub na ramionach. W tym celu posiada piankowe paski na ramiona, wy\u015bcie\u0142ane oparcie i wzmocnion\u0105, wysok\u0105 r\u0105czk\u0119. Zamki b\u0142yskawiczne i wzmocnione dno tworz\u0105 skuteczn\u0105 barier\u0119 chroni\u0105c\u0105 przed wilgoci\u0105 z otoczenia.<\/p>\n<p>Plecak Jeep JS015B wyr\u00f3\u017cnia si\u0119 pe\u0142n\u0105 komor\u0105 w kszta\u0142cie litery U, zapinan\u0105 na zamek b\u0142yskawiczny. Po otwarciu uzyskujesz swobodny dost\u0119p do ca\u0142ej zawarto\u015bci, dzi\u0119ki czemu mo\u017cesz \u0142atwo przechowywa\u0107 w niej drobne pranie, dokumenty lub rzeczy osobiste. Wy\u015bcie\u0142ana kiesze\u0144 umo\u017cliwia bezpieczne przenoszenie tabletu lub komputera 15,6-calowego, chroni\u0105c je przed wstrz\u0105sami. Przewody zasilaj\u0105ce, okulary przeciws\u0142oneczne, bilety komunikacji miejskiej, s\u0142uchawki, a nawet komplet kluczy mo\u017cna przechowywa\u0107 w trzech przednich kieszeniach zapinanych na zamek. Butelk\u0119 z wod\u0105 i parasol mo\u017cna umie\u015bci\u0107 w jednej lub drugiej z dw\u00f3ch kieszeni na butelki.<\/p>\n<p>UWAGA :<\/p>\n<p>Na stanie (mo\u017ce by\u0107 zam\u00f3wiony)<span class=\"Apple-converted-space\">\u00a0 <\/span>&#8211; wszystkie zam\u00f3wienia z\u0142o\u017cone do godz.12.00 wysy\u0142amy jeszcze tego samego dnia<\/p>\n<p>Produkt dost\u0119pny na zam\u00f3wienie &#8211; czas oczekiwania na produkt nie powinien przekroczy\u0107 7 dni przed zam\u00f3wienim prosimy o weryfikacje z naszym biurem.<\/p>\n<p>Brak w magazynie oznacza, \u017ce dostawa jest mo\u017cliwa prosimy o kontakt z biurem<\/p>\n<p>Seria: JS015B<\/p>\n<div class=\"page\" title=\"Page 1\">\n<div class=\"layoutArea\">\n<div class=\"column\">\n<p>Kro\u0301tki opis:<\/p>\n<\/div>\n<\/div>\n<\/div>\n<div class=\"page\" title=\"Page 2\">\n<div class=\"layoutArea\">\n<div class=\"column\">\n<p>Dodatkowa ochrona laptopa ergonomiczne szelki i plecki pas mocuja\u0328cy na walizke\u0328 przemys\u0301lany uk\u0142ad wne\u0328trza liczne kieszenie limitowana kolekcja<\/p>\n<p>SKU: J02747610-00<\/p>\n<p>Wymiary: D\u0142ugos\u0301c\u0301: 30,5 cm, Wysokos\u0301c\u0301: 46 cm, Szerokos\u0301c\u0301: 20 cm Waga: 0.8L<\/p>\n<p>Wielko\u015b\u0107 laptopa 15,6&#8242;<\/p>\n<p>Cechy:<\/p>\n<p>rodzaj: MIE\u0328KKI<br \/>\nposzerzenie: Nie<br \/>\nmateria\u0142: poliester<br \/>\nrodzaj zamka: ZAMEK B\u0141YSKAWICZNY<\/p>\n<p>pojemnos\u0301c\u0301: 33\/39 litro\u0301w mo\u017cliwo\u015b\u0107 powi\u0119kszenia<\/p>\n<p>kolor: czarny<br \/>\nwielkos\u0301c\u0301: Plecak taktyczny, podr\u00f3\u017cny<\/p>\n<p>marka: DELSEY<br \/>\nkolekcja: JEEP<\/p>\n<\/div>\n<\/div>\n<\/div>\n<p>&nbsp;<\/p>\n","protected":false},"excerpt":{"rendered":"<p>Opis plecaka Plecak Jeep JS015B jest r\u00f3wnie inteligentny, co wygodny. Dla u\u0142atwienia za\u0142adunku, pojemnik wyposa\u017cono w otw\u00f3r w kszta\u0142cie litery U. Dzi\u0119ki temu z \u0142atwo\u015bci\u0105 przechowasz najpotrzebniejsze rzeczy na weekend, ubrania robocze<a class=\"moretag\" href=\"https:\/\/sklep.jeep.info.pl\/?product=jeep-podrozny-czarny-plecak-na-laptopa\">Read More&#8230;<\/a><\/p>\n","protected":false},"featured_media":1180,"comment_status":"open","ping_status":"closed","template":"","meta":[],"product_brand":[],"product_cat":[25,37,23],"product_tag":[38,53],"class_list":{"0":"post-1176","1":"product","2":"type-product","3":"status-publish","4":"has-post-thumbnail","6":"product_cat-plecak-kabinowy","7":"product_cat-plecak-miejski","8":"product_cat-torby-materialowe","9":"product_tag-plecak-miejski-jeep","10":"product_tag-plecak-taktyczny-jeep","12":"first","13":"instock","14":"shipping-taxable","15":"purchasable","16":"product-type-simple"},"_links":{"self":[{"href":"https:\/\/sklep.jeep.info.pl\/index.php?rest_route=\/wp\/v2\/product\/1176","targetHints":{"allow":["GET"]}}],"collection":[{"href":"https:\/\/sklep.jeep.info.pl\/index.php?rest_route=\/wp\/v2\/product"}],"about":[{"href":"https:\/\/sklep.jeep.info.pl\/index.php?rest_route=\/wp\/v2\/types\/product"}],"replies":[{"embeddable":true,"href":"https:\/\/sklep.jeep.info.pl\/index.php?rest_route=%2Fwp%2Fv2%2Fcomments&post=1176"}],"wp:featuredmedia":[{"embeddable":true,"href":"https:\/\/sklep.jeep.info.pl\/index.php?rest_route=\/wp\/v2\/media\/1180"}],"wp:attachment":[{"href":"https:\/\/sklep.jeep.info.pl\/index.php?rest_route=%2Fwp%2Fv2%2Fmedia&parent=1176"}],"wp:term":[{"taxonomy":"product_brand","embeddable":true,"href":"https:\/\/sklep.jeep.info.pl\/index.php?rest_route=%2Fwp%2Fv2%2Fproduct_brand&post=1176"},{"taxonomy":"product_cat","embeddable":true,"href":"https:\/\/sklep.jeep.info.pl\/index.php?rest_route=%2Fwp%2Fv2%2Fproduct_cat&post=1176"},{"taxonomy":"product_tag","embeddable":true,"href":"https:\/\/sklep.jeep.info.pl\/index.php?rest_route=%2Fwp%2Fv2%2Fproduct_tag&post=1176"}],"curies":[{"name":"wp","href":"https:\/\/api.w.org\/{rel}","templated":true}]}}