{"id":1155,"date":"2025-04-05T20:10:05","date_gmt":"2025-04-05T20:10:05","guid":{"rendered":"https:\/\/sklep.jeep.info.pl\/?post_type=product&#038;p=1155"},"modified":"2026-04-01T11:46:21","modified_gmt":"2026-04-01T11:46:21","slug":"jeep-podreczny-miejski-czarny-plecak-na-laptopa","status":"publish","type":"product","link":"https:\/\/sklep.jeep.info.pl\/?product=jeep-podreczny-miejski-czarny-plecak-na-laptopa","title":{"rendered":"JEEP podr\u0119czny, miejski, czarny plecak na laptopa"},"content":{"rendered":"<p>Przedstawiamy plecak Jeep JS012C Dual Material, wykonany z poliestru hydrofobowego pochodz\u0105cego z recyklingu, co zapewnia wytrzyma\u0142o\u015b\u0107. Dzi\u0119ki dw\u00f3m bezpiecznym przegrodom i wszechstronnym mo\u017cliwo\u015bciom przenoszenia jest to Tw\u00f3j wyb\u00f3r na przygody na \u015bwie\u017cym powietrzu lub codzienne dojazdy do pracy. Wy\u015bcie\u0142any tylny panel z paskiem na baga\u017c u\u0142atwia bezproblemowe przenoszenie, a kiesze\u0144 na butelk\u0119 z wod\u0105 i kiesze\u0144 na laptopa utrzymuj\u0105 niezb\u0119dne rzeczy w porz\u0105dku w podr\u00f3\u017cy. Przygotuj si\u0119 i ruszaj w drog\u0119 z pewno\u015bci\u0105 siebie!<\/p>\n<p>Tkanina Jeep Explorer-Shield wykonana z poliestru hydrofobowego pochodz\u0105cego z recyklingu, odporny towarzysz zar\u00f3wno na wyprawy na \u015bwie\u017cym powietrzu, jak i codzienne przygody.<br \/>\nPodw\u00f3jne komory Adventure wzmocnione ukrytymi zamkami b\u0142yskawicznymi, zapewniaj\u0105ce bezpieczne przechowywanie niezb\u0119dnych rzeczy.<br \/>\nSystem no\u015bny Exploration-Engineered oferuj\u0105cy r\u00f3\u017cnorodne mo\u017cliwo\u015bci przenoszenia z wy\u015bcie\u0142anym g\u00f3rnym uchwytem zapewniaj\u0105cym pewny chwyt lub regulowanymi paskami na rami\u0119, zapewniaj\u0105cymi wygod\u0119 i elastyczno\u015b\u0107 w dynamicznym stylu \u017cycia.<br \/>\nZoptymalizowany pod k\u0105tem przyg\u00f3d wy\u015bcie\u0142any tylny panel z pasem baga\u017cowym, gotowy do bezproblemowego przesuwania po rurach w\u00f3zka baga\u017cowego, u\u0142atwiaj\u0105c bezproblemowe przej\u015bcia mi\u0119dzy trybami podr\u00f3\u017cy.<br \/>\nHydration Oasis z kieszeni\u0105 z siatki na butelk\u0119 z wod\u0105 z boku, aby zapewni\u0107 Ci \u015bwie\u017co\u015b\u0107 podczas podr\u00f3\u017cy.<br \/>\nPrzegroda na laptopa Expedition-Ready zapewniaj\u0105ce bezpieczne i wyznaczone miejsce na Twoje niezb\u0119dne rzeczy techniczne, niezale\u017cnie od tego, czy pokonujesz szlaki, czy przemierzasz miejsk\u0105 d\u017cungl\u0119 (mie\u015bci do 15,6&#8243;).<\/p>\n<p>UWAGA :<\/p>\n<p>Na stanie (mo\u017ce by\u0107 zam\u00f3wiony)<span class=\"Apple-converted-space\">\u00a0 <\/span>&#8211; wszystkie zam\u00f3wienia z\u0142o\u017cone do godz.12.00 wysy\u0142amy jeszcze tego samego dnia<\/p>\n<p>Produkt dost\u0119pny na zam\u00f3wienie &#8211; czas oczekiwania na produkt nie powinien przekroczy\u0107 7 dni przed zam\u00f3wienim prosimy o weryfikacje z naszym biurem.<\/p>\n<p>Brak w magazynie oznacza, \u017ce dostawa jest mo\u017cliwa prosimy o kontakt z biurem<\/p>\n<p>Seria: JS012B<\/p>\n<div class=\"page\" title=\"Page 1\">\n<div class=\"layoutArea\">\n<div class=\"column\">\n<p>Kro\u0301tki opis:<\/p>\n<\/div>\n<\/div>\n<\/div>\n<div class=\"page\" title=\"Page 2\">\n<div class=\"layoutArea\">\n<div class=\"column\">\n<p>Dodatkowa ochrona laptopa ergonomiczne szelki i plecki pas mocuja\u0328cy na walizke\u0328 przemys\u0301lany uk\u0142ad wne\u0328trza liczne kieszenie limitowana kolekcja<\/p>\n<p>SKU: J03743600-00<\/p>\n<\/div>\n<div class=\"column\">\n<p>Wymiary: D\u0142ugos\u0301c\u0301: 31 cm, Wysokos\u0301c\u0301: 44 cm, Szerokos\u0301c\u0301: 18 cm Waga: 0.5<\/p>\n<div class=\"product_specs_wrapper\">\n<div class=\"product_specs_value\">Wielko\u015b\u0107 laptopa 15,6&#8242;<\/div>\n<\/div>\n<\/div>\n<div class=\"column\">\n<p>&nbsp;<\/p>\n<p>Cechy:<\/p>\n<p>rodzaj: MIE\u0328KKI<br \/>\nposzerzenie: Nie<br \/>\nmateria\u0142: poliester<\/p>\n<p>pojemnos\u0301c\u0301: 21,9 litro\u0301w<\/p>\n<p>kolor: czarny<br \/>\nwielkos\u0301c\u0301: Plecak miejski<\/p>\n<p>marka: DELSEY<br \/>\nkolekcja: JEEP<\/p>\n<\/div>\n<\/div>\n<\/div>\n<p>&nbsp;<\/p>\n","protected":false},"excerpt":{"rendered":"<p>Przedstawiamy plecak Jeep JS012C Dual Material, wykonany z poliestru hydrofobowego pochodz\u0105cego z recyklingu, co zapewnia wytrzyma\u0142o\u015b\u0107. Dzi\u0119ki dw\u00f3m bezpiecznym przegrodom i wszechstronnym mo\u017cliwo\u015bciom przenoszenia jest to Tw\u00f3j wyb\u00f3r na przygody na \u015bwie\u017cym<a class=\"moretag\" href=\"https:\/\/sklep.jeep.info.pl\/?product=jeep-podreczny-miejski-czarny-plecak-na-laptopa\">Read More&#8230;<\/a><\/p>\n","protected":false},"featured_media":1156,"comment_status":"open","ping_status":"closed","template":"","meta":[],"product_brand":[],"product_cat":[37,23],"product_tag":[38],"class_list":{"0":"post-1155","1":"product","2":"type-product","3":"status-publish","4":"has-post-thumbnail","6":"product_cat-plecak-miejski","7":"product_cat-torby-materialowe","8":"product_tag-plecak-miejski-jeep","10":"first","11":"outofstock","12":"shipping-taxable","13":"purchasable","14":"product-type-simple"},"_links":{"self":[{"href":"https:\/\/sklep.jeep.info.pl\/index.php?rest_route=\/wp\/v2\/product\/1155","targetHints":{"allow":["GET"]}}],"collection":[{"href":"https:\/\/sklep.jeep.info.pl\/index.php?rest_route=\/wp\/v2\/product"}],"about":[{"href":"https:\/\/sklep.jeep.info.pl\/index.php?rest_route=\/wp\/v2\/types\/product"}],"replies":[{"embeddable":true,"href":"https:\/\/sklep.jeep.info.pl\/index.php?rest_route=%2Fwp%2Fv2%2Fcomments&post=1155"}],"wp:featuredmedia":[{"embeddable":true,"href":"https:\/\/sklep.jeep.info.pl\/index.php?rest_route=\/wp\/v2\/media\/1156"}],"wp:attachment":[{"href":"https:\/\/sklep.jeep.info.pl\/index.php?rest_route=%2Fwp%2Fv2%2Fmedia&parent=1155"}],"wp:term":[{"taxonomy":"product_brand","embeddable":true,"href":"https:\/\/sklep.jeep.info.pl\/index.php?rest_route=%2Fwp%2Fv2%2Fproduct_brand&post=1155"},{"taxonomy":"product_cat","embeddable":true,"href":"https:\/\/sklep.jeep.info.pl\/index.php?rest_route=%2Fwp%2Fv2%2Fproduct_cat&post=1155"},{"taxonomy":"product_tag","embeddable":true,"href":"https:\/\/sklep.jeep.info.pl\/index.php?rest_route=%2Fwp%2Fv2%2Fproduct_tag&post=1155"}],"curies":[{"name":"wp","href":"https:\/\/api.w.org\/{rel}","templated":true}]}}