{"id":1026,"date":"2024-12-10T13:39:37","date_gmt":"2024-12-10T13:39:37","guid":{"rendered":"https:\/\/sklep.jeep.info.pl\/?post_type=product&#038;p=1026"},"modified":"2026-04-01T11:23:06","modified_gmt":"2026-04-01T11:23:06","slug":"bluza-damska-rozpinana-z-kapturem-jeep-owners-group-poland","status":"publish","type":"product","link":"https:\/\/sklep.jeep.info.pl\/?product=bluza-damska-rozpinana-z-kapturem-jeep-owners-group-poland","title":{"rendered":"Bluza damska rozpinana z kapturem Jeep Owners Group Poland"},"content":{"rendered":"<p>Szczeg\u00f3\u0142y produktu :<\/p>\n<p>Kolekcja JEEP OWNERS GROUP zosta\u0142a przygotowana dla wszystkich pasjonat\u00f3w marki Jeep. Teraz ka\u017cdy mo\u017ce si\u0119 wyr\u00f3\u017cni\u0107 b\u0119d\u0105c na wyprawie czy zlocie poza naszym krajem. W sk\u0142ad kolekcji JOG wchodz\u0105 T-shirty i bluzy rozpinane damskie i m\u0119skie.<\/p>\n<p>Z dba\u0142o\u015bci\u0105 o kr\u00f3j i szczeg\u00f3\u0142y wyko\u0144czenia powsta\u0142y produkty komfortowe a jednocze\u015bnie funkcjonalne sprawdzaj\u0105ce si\u0119 w trudnych warunkach.<\/p>\n<p>Szczeg\u00f3\u0142y produktu :<\/p>\n<p>Kolekcja JEEP OWNERS GROUP zosta\u0142a przygotowana dla wszystkich pasjonat\u00f3w marki Jeep. Teraz ka\u017cdy mo\u017ce si\u0119 wyr\u00f3\u017cni\u0107 b\u0119d\u0105c na wyprawie czy zlocie poza naszym krajem.<\/p>\n<p>W sk\u0142ad kolekcji JOG wchodz\u0105 te\u017c koszulki damskie i m\u0119skie \u00a0oraz bluzy rozpinane damskie i m\u0119skie.<\/p>\n<p>Bluza wykonana jest z przyjemnego g\u0119sto tkanego materia\u0142u z wierzchu g\u0142adkiego a od spodu mechatego. Takie rozwi\u0105zanie pozwala na zachowanie ciep\u0142a a r\u00f3wnocze\u015bnie odprowadzenie na ile to mo\u017cliwe wody. Nie polecamy i sami nie u\u017cywamy do jazdy w terenie odzie\u017cy technicznej ani wykonanej z materia\u0142\u00f3w sztucznych z uwagi na ich \u0142atwopalno\u015b\u0107.<\/p>\n<p><strong><em>Stosowany materia\u0142 o gramaturze 290 g\/m\u00b2<\/em><\/strong><\/p>\n<p><strong><em>Sk\u0142ad materia\u0142u : 85% bawe\u0142ny, 15% poliestru <\/em><\/strong><\/p>\n<p>TABELA ROZMIAR\u00d3W BLUZ DAMSKICH w cm<\/p>\n<table cellspacing=\"0\" cellpadding=\"0\">\n<tbody>\n<tr>\n<td valign=\"middle\">ROZMIAR<\/td>\n<td valign=\"middle\">XS<\/td>\n<td valign=\"middle\">S<\/td>\n<td valign=\"middle\">M<\/td>\n<td valign=\"middle\">L<\/td>\n<td valign=\"middle\">XL<\/td>\n<td valign=\"middle\">XXL<\/td>\n<\/tr>\n<tr>\n<td valign=\"middle\">szeroko\u015b\u0107<\/td>\n<td valign=\"middle\">47<\/td>\n<td valign=\"middle\">48<\/td>\n<td valign=\"middle\">50<\/td>\n<td valign=\"middle\">52<\/td>\n<td valign=\"middle\">54<\/td>\n<td valign=\"middle\">56<\/td>\n<\/tr>\n<tr>\n<td valign=\"middle\">d\u0142ugo\u015b\u0107<\/td>\n<td valign=\"middle\">68<\/td>\n<td valign=\"middle\">69<\/td>\n<td valign=\"middle\">70<\/td>\n<td valign=\"middle\">72<\/td>\n<td valign=\"middle\">74<\/td>\n<td valign=\"middle\">76<\/td>\n<\/tr>\n<\/tbody>\n<\/table>\n<p>&nbsp;<\/p>\n<p>&nbsp;<\/p>\n","protected":false},"excerpt":{"rendered":"<p>Jeep Owners Group Poland to spo\u0142eczno\u015b\u0107 marki Jeep, kt\u00f3r\u0105 wyr\u00f3\u017cnia pasja do pokonywania nieprzetartych szlak\u00f3w.<\/p>\n<p>&nbsp;<\/p>\n","protected":false},"featured_media":1047,"comment_status":"open","ping_status":"closed","template":"","meta":[],"product_brand":[],"product_cat":[15,59,51,48],"product_tag":[52],"class_list":{"0":"post-1026","1":"product","2":"type-product","3":"status-publish","4":"has-post-thumbnail","6":"product_cat-bez-kategorii","7":"product_cat-bluza-damska","8":"product_cat-bluzy","9":"product_cat-odziez","10":"product_tag-bluza-jog","11":"pa_rozmiar-l","12":"pa_rozmiar-m","13":"pa_rozmiar-s","14":"pa_rozmiar-xl","15":"pa_rozmiar-xs","16":"pa_rozmiar-xxl","17":"pa_rozmiar-xxxl","19":"first","20":"instock","21":"shipping-taxable","22":"purchasable","23":"product-type-variable","24":"has-default-attributes"},"_links":{"self":[{"href":"https:\/\/sklep.jeep.info.pl\/index.php?rest_route=\/wp\/v2\/product\/1026","targetHints":{"allow":["GET"]}}],"collection":[{"href":"https:\/\/sklep.jeep.info.pl\/index.php?rest_route=\/wp\/v2\/product"}],"about":[{"href":"https:\/\/sklep.jeep.info.pl\/index.php?rest_route=\/wp\/v2\/types\/product"}],"replies":[{"embeddable":true,"href":"https:\/\/sklep.jeep.info.pl\/index.php?rest_route=%2Fwp%2Fv2%2Fcomments&post=1026"}],"wp:featuredmedia":[{"embeddable":true,"href":"https:\/\/sklep.jeep.info.pl\/index.php?rest_route=\/wp\/v2\/media\/1047"}],"wp:attachment":[{"href":"https:\/\/sklep.jeep.info.pl\/index.php?rest_route=%2Fwp%2Fv2%2Fmedia&parent=1026"}],"wp:term":[{"taxonomy":"product_brand","embeddable":true,"href":"https:\/\/sklep.jeep.info.pl\/index.php?rest_route=%2Fwp%2Fv2%2Fproduct_brand&post=1026"},{"taxonomy":"product_cat","embeddable":true,"href":"https:\/\/sklep.jeep.info.pl\/index.php?rest_route=%2Fwp%2Fv2%2Fproduct_cat&post=1026"},{"taxonomy":"product_tag","embeddable":true,"href":"https:\/\/sklep.jeep.info.pl\/index.php?rest_route=%2Fwp%2Fv2%2Fproduct_tag&post=1026"}],"curies":[{"name":"wp","href":"https:\/\/api.w.org\/{rel}","templated":true}]}}