{"id":90,"date":"2024-08-28T11:33:59","date_gmt":"2024-08-28T11:33:59","guid":{"rendered":"https:\/\/sklep.jeep.info.pl\/?page_id=90"},"modified":"2024-08-28T11:33:59","modified_gmt":"2024-08-28T11:33:59","slug":"regulamin","status":"publish","type":"page","link":"https:\/\/sklep.jeep.info.pl\/?page_id=90","title":{"rendered":"Regulamin"},"content":{"rendered":"\n<p>OFF-ROAD PL<br>ul. Konecznego 6\/9u, 31-216 Krak\u00f3w<br>REGON 123025602<br>NIP 9452177463<\/p>\n\n\n\n<p>1. Wszystkie ceny w sklepie internetowym OFF-ROAD.PL s\u0105 cenami brutto PLN.<br>2. OFF-ROAD PL zastrzega sobie prawo do zmiany cen towar\u00f3w znajduj\u0105cych si\u0119 w ofercie sklepu.<br>3. Realizacja zam\u00f3wienia rozpoczyna si\u0119 w przypadku zam\u00f3wie\u0144 p\u0142atnych przelewem \u2013 w chwili dotarcia przelewu op\u0142acaj\u0105cego zam\u00f3wienie na konto sklepu do 14 dni od z\u0142o\u017cenia zam\u00f3wienia (klient zostaje powiadomiony poczt\u0105 e-mail o tym, \u017ce przelew doszed\u0142 i jego zam\u00f3wienie zosta\u0142o przyj\u0119te do realizacji). W przypadku braku przelewu do 14 dni po z\u0142o\u017ceniu zam\u00f3wienia, zam\u00f3wienie zostaje anulowane.<br>4.Klient mo\u017ce wprowadzi\u0107 zmiany w zam\u00f3wieniu do momentu otrzymania e-maila potwierdzaj\u0105cego wysy\u0142k\u0119 zam\u00f3wionych towar\u00f3w.<br>5. Klient mo\u017ce wycofa\u0107 z\u0142o\u017cone zam\u00f3wienie telefonicznie, lub e-mailem za po\u015brednictwem strony Kontakt.<br>6. Klient nie mo\u017ce anulowa\u0107 zam\u00f3wienia, kt\u00f3re ju\u017c zosta\u0142o wys\u0142ane.<br>7. Zam\u00f3wienia mo\u017cna sk\u0142ada\u0107 za pomoc\u0105:<br>a) sklepu internetowego OFF-ROAD PL<br>W szczeg\u00f3lnych wypadkach (np. strona internetowa nie dzia\u0142a):<br>b) e-mailem \u2013 sklep@off-road.pl,<br>c) telefonicznie \u2013 (012) 412-26-57 (w godz. 9-16),<\/p>\n\n\n\n<p>8. Termin realizacji zam\u00f3wienia: od 5 do 10 dni roboczych od daty zaksi\u0119gowania kwoty przelewu lub przes\u0142ania potwierdzenia (pdf, skan) dokonania przelewu za zam\u00f3wienie na nasze konto.<br>9. Faktura VAT jest wystawiana na wyra\u017ane \u017cyczenie klienta.<br>10. Reklamowany towar kupuj\u0105cy odsy\u0142a na adres:<br>OFF-ROAD PL ul. Konecznego 6\/9u, 31-216 Krak\u00f3w na koszt w\u0142asny.<br>11. Sklep nie przyjmuje \u017cadnych przesy\u0142ek odsy\u0142anych za pobraniem.<\/p>\n\n\n\n<p>UWAGA: Kupuj\u0105cy podaj\u0105c swoje dane osobowe wyra\u017ca zgod\u0119 na ich przetwarzanie zwi\u0105zane tylko z obs\u0142ug\u0105 z\u0142o\u017conych zam\u00f3wie\u0144. Dane te nie b\u0119d\u0105 udost\u0119pniane \u017cadnym firmom ani osobom trzecim oraz b\u0119d\u0105 przechowywane w spos\u00f3b uniemo\u017cliwiaj\u0105cy dost\u0119p osobom niepowo\u0142anym, zgodnie z \u201eUstaw\u0105 z dnia 29 sierpnia 1997 r. o ochronie danych osobowych\u201d, DU nr 133 poz. 883.<\/p>\n","protected":false},"excerpt":{"rendered":"<p>OFF-ROAD PLul. Konecznego 6\/9u, 31-216 Krak\u00f3wREGON 123025602NIP 9452177463 1. Wszystkie ceny w sklepie internetowym OFF-ROAD.PL s\u0105 cenami brutto PLN.2. OFF-ROAD PL zastrzega sobie prawo do zmiany cen towar\u00f3w znajduj\u0105cych si\u0119 w ofercie<a class=\"moretag\" href=\"https:\/\/sklep.jeep.info.pl\/?page_id=90\">Read More&#8230;<\/a><\/p>\n","protected":false},"author":1,"featured_media":0,"parent":0,"menu_order":0,"comment_status":"closed","ping_status":"closed","template":"","meta":{"footnotes":""},"class_list":["post-90","page","type-page","status-publish","hentry"],"_links":{"self":[{"href":"https:\/\/sklep.jeep.info.pl\/index.php?rest_route=\/wp\/v2\/pages\/90","targetHints":{"allow":["GET"]}}],"collection":[{"href":"https:\/\/sklep.jeep.info.pl\/index.php?rest_route=\/wp\/v2\/pages"}],"about":[{"href":"https:\/\/sklep.jeep.info.pl\/index.php?rest_route=\/wp\/v2\/types\/page"}],"author":[{"embeddable":true,"href":"https:\/\/sklep.jeep.info.pl\/index.php?rest_route=\/wp\/v2\/users\/1"}],"replies":[{"embeddable":true,"href":"https:\/\/sklep.jeep.info.pl\/index.php?rest_route=%2Fwp%2Fv2%2Fcomments&post=90"}],"version-history":[{"count":1,"href":"https:\/\/sklep.jeep.info.pl\/index.php?rest_route=\/wp\/v2\/pages\/90\/revisions"}],"predecessor-version":[{"id":91,"href":"https:\/\/sklep.jeep.info.pl\/index.php?rest_route=\/wp\/v2\/pages\/90\/revisions\/91"}],"wp:attachment":[{"href":"https:\/\/sklep.jeep.info.pl\/index.php?rest_route=%2Fwp%2Fv2%2Fmedia&parent=90"}],"curies":[{"name":"wp","href":"https:\/\/api.w.org\/{rel}","templated":true}]}}