{"id":1828,"date":"2025-05-17T06:47:15","date_gmt":"2025-05-17T06:47:15","guid":{"rendered":"https:\/\/sklep.jeep.info.pl\/?page_id=1828"},"modified":"2025-05-17T13:45:16","modified_gmt":"2025-05-17T13:45:16","slug":"www-jeep-info-pl","status":"publish","type":"page","link":"https:\/\/sklep.jeep.info.pl\/?page_id=1828","title":{"rendered":"Jeep Owners Group Poland"},"content":{"rendered":"<p><img loading=\"lazy\" decoding=\"async\" class=\"alignnone size-medium wp-image-1835\" src=\"https:\/\/sklep.jeep.info.pl\/wp-content\/uploads\/2025\/05\/JOG-logo-okragle-biale-292x300.png\" alt=\"\" width=\"292\" height=\"300\" srcset=\"https:\/\/sklep.jeep.info.pl\/wp-content\/uploads\/2025\/05\/JOG-logo-okragle-biale-292x300.png 292w, https:\/\/sklep.jeep.info.pl\/wp-content\/uploads\/2025\/05\/JOG-logo-okragle-biale.png 583w\" sizes=\"auto, (max-width: 292px) 100vw, 292px\" \/><\/p>\n<h4>Jeste\u015bmy entuzjastami Jeep\u00f3w we wszelkiej postaci.<\/h4>\n<p>Najlepiej poznaj nas osobi\u015bcie \u00a0w terenie, na imprezach organizowanych przez Jeep Owners Group Poland.<\/p>\n<h4>Jeep Owners Group Poland<\/h4>\n<p>Jeep Owners Group to jedyna oficjalna grupa gromadz\u0105ca wszystkich mi\u0142o\u015bnik\u00f3w marki Jeep \u00a0zar\u00f3wno tych nowych, jak i tych wiernych od lat oraz tych, kt\u00f3rzy marz\u0105, aby je\u017adzi\u0107 Jeepem w przysz\u0142o\u015bci. Imprezy, oferty specjalne, ekskluzywna kolekcja to tylko niekt\u00f3re z d\u0142ugiej listy przywilej\u00f3w, z kt\u00f3rych b\u0119d\u0105 mogli korzysta\u0107 cz\u0142onkowie Jeep Owners Group.<\/p>\n<p>Jeste\u015bmy organizatorem najwi\u0119kszej imprezy Jeepowej w Polsce Camp Jeep PL<\/p>\n<p>Je\u017celi chcesz dowiedzie\u0107 si\u0119 wi\u0119cej zapraszamy na nasz\u0105 g\u0142\u00f3wn\u0105 stron\u0119.<\/p>\n<p><a href=\"https:\/\/jeep.info.pl\">www.jeep.info.pl<\/a><\/p>\n<p>Ju\u017c teraz rozpocznij swoj\u0105 przygod\u0119!<\/p>\n<p>&nbsp;<\/p>\n","protected":false},"excerpt":{"rendered":"<p>Jeste\u015bmy entuzjastami Jeep\u00f3w we wszelkiej postaci. Najlepiej poznaj nas osobi\u015bcie \u00a0w terenie, na imprezach organizowanych przez Jeep Owners Group Poland. Jeep Owners Group Poland Jeep Owners Group to jedyna oficjalna grupa gromadz\u0105ca<a class=\"moretag\" href=\"https:\/\/sklep.jeep.info.pl\/?page_id=1828\">Read More&#8230;<\/a><\/p>\n","protected":false},"author":1,"featured_media":0,"parent":0,"menu_order":0,"comment_status":"closed","ping_status":"closed","template":"","meta":{"footnotes":""},"class_list":["post-1828","page","type-page","status-publish","hentry"],"_links":{"self":[{"href":"https:\/\/sklep.jeep.info.pl\/index.php?rest_route=\/wp\/v2\/pages\/1828","targetHints":{"allow":["GET"]}}],"collection":[{"href":"https:\/\/sklep.jeep.info.pl\/index.php?rest_route=\/wp\/v2\/pages"}],"about":[{"href":"https:\/\/sklep.jeep.info.pl\/index.php?rest_route=\/wp\/v2\/types\/page"}],"author":[{"embeddable":true,"href":"https:\/\/sklep.jeep.info.pl\/index.php?rest_route=\/wp\/v2\/users\/1"}],"replies":[{"embeddable":true,"href":"https:\/\/sklep.jeep.info.pl\/index.php?rest_route=%2Fwp%2Fv2%2Fcomments&post=1828"}],"version-history":[{"count":4,"href":"https:\/\/sklep.jeep.info.pl\/index.php?rest_route=\/wp\/v2\/pages\/1828\/revisions"}],"predecessor-version":[{"id":1837,"href":"https:\/\/sklep.jeep.info.pl\/index.php?rest_route=\/wp\/v2\/pages\/1828\/revisions\/1837"}],"wp:attachment":[{"href":"https:\/\/sklep.jeep.info.pl\/index.php?rest_route=%2Fwp%2Fv2%2Fmedia&parent=1828"}],"curies":[{"name":"wp","href":"https:\/\/api.w.org\/{rel}","templated":true}]}}